{"id":367,"date":"2025-05-20T12:07:13","date_gmt":"2025-05-20T09:07:13","guid":{"rendered":"https:\/\/www.havamet360calistayi.itu.edu.tr\/?page_id=367"},"modified":"2025-06-30T22:19:21","modified_gmt":"2025-06-30T19:19:21","slug":"symposium","status":"publish","type":"page","link":"https:\/\/www.havamet360calistayi.itu.edu.tr\/tr\/symposium\/","title":{"rendered":"Sempozyum"},"content":{"rendered":"<p class=\"has-text-align-center heading-style\">1. Havac\u0131l\u0131k Meteorolojisi 360\u00b0 Sempozyumu<\/p>\n\n\n\n<p class=\"has-text-align-center description-style\">24\u201326 Kas\u0131m 2025 tarihleri aras\u0131nda ger\u00e7ekle\u015fecek olan Havac\u0131l\u0131k Meteorolojisi 360\u00b0 Sempozyumu, Havac\u0131l\u0131k Meteorolojisi 360\u00b0 \u00c7al\u0131\u015ftay\u0131 ile e\u015f zamanl\u0131 olarak d\u00fczenlenmekte olup, havac\u0131l\u0131k meteorolojisi, modelleme ve tahmin teknolojileri \u00fczerine \u00f6zg\u00fcn ara\u015ft\u0131rmalar\u0131n ve g\u00f6r\u00fc\u015flerin payla\u015f\u0131lmas\u0131na olanak tan\u0131yan bir platform sunmaktad\u0131r.<\/p>\n\n\n\n<figure class=\"wp-block-image size-full\"><img loading=\"lazy\" decoding=\"async\" width=\"2560\" height=\"1695\" src=\"https:\/\/www.havamet360calistayi.itu.edu.tr\/wp-content\/uploads\/2025\/04\/53863937382_77127bb2bd_o-scaled.jpg\" alt=\"\" class=\"wp-image-106\" srcset=\"https:\/\/www.havamet360calistayi.itu.edu.tr\/wp-content\/uploads\/2025\/04\/53863937382_77127bb2bd_o-scaled.jpg 2560w, https:\/\/www.havamet360calistayi.itu.edu.tr\/wp-content\/uploads\/2025\/04\/53863937382_77127bb2bd_o-300x199.jpg 300w, https:\/\/www.havamet360calistayi.itu.edu.tr\/wp-content\/uploads\/2025\/04\/53863937382_77127bb2bd_o-1024x678.jpg 1024w, https:\/\/www.havamet360calistayi.itu.edu.tr\/wp-content\/uploads\/2025\/04\/53863937382_77127bb2bd_o-768x508.jpg 768w, https:\/\/www.havamet360calistayi.itu.edu.tr\/wp-content\/uploads\/2025\/04\/53863937382_77127bb2bd_o-1536x1017.jpg 1536w, https:\/\/www.havamet360calistayi.itu.edu.tr\/wp-content\/uploads\/2025\/04\/53863937382_77127bb2bd_o-2048x1356.jpg 2048w\" sizes=\"auto, (max-width: 2560px) 100vw, 2560px\" \/><\/figure>\n\n\n<p><!-- \u2705 Symposium Main Topics as Subheading --><\/p>\n<p><!-- \u2705 Countdown Timer --><\/p>\n<h4><span style=\"color: #003366;\"><strong>SEMPOZYUM ANA BA\u015eLIKLARI<\/strong><\/span><!-- \u2705 End Countdown Timer --><\/h4>\n\n\n<h4 class=\"wp-block-heading\"><strong>1. Atmosferik Tehlikeler ve U\u00e7u\u015f G\u00fcvenli\u011fi<\/strong><\/h4>\n\n\n\n<ul class=\"wp-block-list\">\n<li>Konvektif olaylar (g\u00f6k g\u00fcr\u00fclt\u00fcl\u00fc f\u0131rt\u0131nalar, \u00e7ok h\u00fccreli veya s\u00fcper h\u00fccreler (multicells veya supercells), mikro ve makro patlamalar (microbursts ve macrobursts)<\/li>\n\n\n\n<li>T\u00fcrb\u00fclans (a\u00e7\u0131k hava t\u00fcrb\u00fclans\u0131, da\u011f dalgalar\u0131, r\u00fczgar kaymas\u0131)<\/li>\n\n\n\n<li>Buzlanma<\/li>\n\n\n\n<li>Volkanik k\u00fcl bulutlar\u0131<\/li>\n\n\n\n<li>Kum ve toz f\u0131rt\u0131nalar\u0131<\/li>\n\n\n\n<li>Tropik d\u00f6nen f\u0131rt\u0131nalar (medikanlar)<\/li>\n\n\n\n<li>Dolu sa\u011fanaklar\u0131<\/li>\n\n\n\n<li>Kar sa\u011fanaklar\u0131<\/li>\n\n\n\n<li>Donan ya\u011f\u0131\u015f<\/li>\n\n\n\n<li>Squall<\/li>\n\n\n\n<li>R\u00fczgar f\u0131rt\u0131nalar\u0131<\/li>\n<\/ul>\n\n\n\n<hr class=\"wp-block-separator has-alpha-channel-opacity\"\/>\n\n\n\n<h4 class=\"wp-block-heading\"><strong>2. Meteorolojik Karar Destek Sistemleri ve Teknolojileri<\/strong><\/h4>\n\n\n\n<ul class=\"wp-block-list\">\n<li>METAR, SPECI, TAF, TAF AMD ve SIGMET yorumlama ve otomasyon uygulamalar\u0131<\/li>\n\n\n\n<li>Yeni nesil uydu ve radar go\u0308zlem sistemleri<\/li>\n\n\n\n<li>Havaliman\u0131 hava durumu izleme sistemleri (AWOS, LIDAR, SODAR)<\/li>\n\n\n\n<li>Yapay zeka\u0302 destekli hava tahmin modelleri<\/li>\n\n\n\n<li>Gerc\u0327ek zamanl\u0131 tu\u0308rbu\u0308lans ve buzlanma uyar\u0131 u\u0308ru\u0308nleri<\/li>\n<\/ul>\n\n\n\n<hr class=\"wp-block-separator has-alpha-channel-opacity\"\/>\n\n\n\n<h4 class=\"wp-block-heading\"><strong>3. \u0130nsans\u0131z Hava Ara\u00e7lar\u0131 (\u0130HA) Meteorolojisi<\/strong><\/h4>\n\n\n\n<ul class=\"wp-block-list\">\n<li>Atmosferin dikey sondaj\u0131n\u0131n drone ile yap\u0131lmas\u0131<\/li>\n\n\n\n<li>Drone ile meteorolojik uygulamalar<\/li>\n\n\n\n<li>\u0130HA\u2019lar ic\u0327in mikro o\u0308lc\u0327ekli analizler ve tahminler<\/li>\n<\/ul>\n\n\n\n<hr class=\"wp-block-separator has-alpha-channel-opacity\"\/>\n\n\n\n<h4 class=\"wp-block-heading\"><strong>4. \u0130klim De\u011fi\u015fikli\u011fi ve Uzun Vadeli Havac\u0131l\u0131k Planlamas\u0131<\/strong><\/h4>\n\n\n\n<ul class=\"wp-block-list\">\n<li>De\u011fi\u015fen jet ak\u0131m\u0131 paternleri<\/li>\n\n\n\n<li>S\u0327iddetli hava olaylar\u0131n\u0131n artan s\u0131kl\u0131g\u0306\u0131<\/li>\n\n\n\n<li>Havaliman\u0131 altyap\u0131lar\u0131n\u0131n iklim deg\u0306is\u0327iklig\u0306ine entegre edilmesi<\/li>\n\n\n\n<li>Yak\u0131t verimlilig\u0306ini art\u0131rmak ic\u0327in meteorolojik optimizasyon ic\u0327eren yes\u0327il havac\u0131l\u0131k giris\u0327imleri<\/li>\n<\/ul>\n\n\n\n<hr class=\"wp-block-separator has-alpha-channel-opacity\"\/>\n\n\n\n<h4 class=\"wp-block-heading\"><strong>5. Strateji<\/strong><\/h4>\n\n\n\n<ul class=\"wp-block-list\">\n<li>Karar destek sistemleri<\/li>\n\n\n\n<li>Kriz yo\u0308netimi<\/li>\n<\/ul>\n\n\n\n<hr class=\"wp-block-separator has-alpha-channel-opacity\"\/>\n\n\n\n<h4 class=\"wp-block-heading\"><strong>6. U\u00e7u\u015f Okullar\u0131 ve Dispe\u00e7erlik<\/strong><\/h4>\n\n\n\n<ul class=\"wp-block-list\">\n<li>050 Meteoroloji<\/li>\n\n\n\n<li>Eg\u0306itimde yeni teknikler<\/li>\n<\/ul>\n\n\n\n<hr class=\"wp-block-separator has-alpha-channel-opacity\"\/>\n\n\n\n<h4 class=\"wp-block-heading\"><strong>7. Havac\u0131l\u0131k Meteorolojisinde \u0130nsan Fakt\u00f6r\u00fc<\/strong><\/h4>\n\n\n\n<ul class=\"wp-block-list\">\n<li>Meteorolojik kararlar\u0131n sosyal sonuc\u0327lar\u0131<\/li>\n<\/ul>\n\n\n\n<p><\/p>","protected":false},"excerpt":{"rendered":"<p>1st Aviation Meteorology 360\u00b0 Symposium Taking place from 24 to 26 November 2025, the Aviation Meteorology 360\u00b0 Symposium is organized alongside the Aviation Meteorology 360\u00b0 Workshop and provides a platform for sharing original research and insights on aviation weather, modeling, and forecasting technologies. SYMPOSIUM MAIN TOPICS 1. Atmospheric Hazards and Flight Safety 2. Meteorological Decision [&hellip;]<\/p>","protected":false},"author":1,"featured_media":0,"parent":0,"menu_order":0,"comment_status":"closed","ping_status":"closed","template":"","meta":{"footnotes":""},"class_list":["post-367","page","type-page","status-publish","hentry"],"_links":{"self":[{"href":"https:\/\/www.havamet360calistayi.itu.edu.tr\/tr\/wp-json\/wp\/v2\/pages\/367","targetHints":{"allow":["GET"]}}],"collection":[{"href":"https:\/\/www.havamet360calistayi.itu.edu.tr\/tr\/wp-json\/wp\/v2\/pages"}],"about":[{"href":"https:\/\/www.havamet360calistayi.itu.edu.tr\/tr\/wp-json\/wp\/v2\/types\/page"}],"author":[{"embeddable":true,"href":"https:\/\/www.havamet360calistayi.itu.edu.tr\/tr\/wp-json\/wp\/v2\/users\/1"}],"replies":[{"embeddable":true,"href":"https:\/\/www.havamet360calistayi.itu.edu.tr\/tr\/wp-json\/wp\/v2\/comments?post=367"}],"version-history":[{"count":19,"href":"https:\/\/www.havamet360calistayi.itu.edu.tr\/tr\/wp-json\/wp\/v2\/pages\/367\/revisions"}],"predecessor-version":[{"id":612,"href":"https:\/\/www.havamet360calistayi.itu.edu.tr\/tr\/wp-json\/wp\/v2\/pages\/367\/revisions\/612"}],"wp:attachment":[{"href":"https:\/\/www.havamet360calistayi.itu.edu.tr\/tr\/wp-json\/wp\/v2\/media?parent=367"}],"curies":[{"name":"wp","href":"https:\/\/api.w.org\/{rel}","templated":true}]}}